{"id":9307,"date":"2023-08-23T17:22:58","date_gmt":"2023-08-23T20:22:58","guid":{"rendered":"https:\/\/www.grupoeclipse.net\/demo\/brianmel\/?post_type=product&#038;p=9307"},"modified":"2024-06-10T19:07:12","modified_gmt":"2024-06-10T22:07:12","slug":"solid-wood-flooring","status":"publish","type":"product","link":"https:\/\/brianmelflooring.com\/es\/producto\/solid-wood-flooring\/","title":{"rendered":"Pisos de madera s\u00f3lida"},"content":{"rendered":"","protected":false},"excerpt":{"rendered":"<h5>DETALLES DEL PRODUCTO:<\/h5>\n<p>Nuestros suelos de madera noble de alta calidad no s\u00f3lo infunden calidez y belleza a sus espacios vitales, sino que tambi\u00e9n a\u00f1aden un valor significativo a su propiedad.<\/p>\n<ul>\n<li style=\"font-weight: 400;\" aria-level=\"1\"><span style=\"font-weight: 400;\">Uretano de alto rendimiento curado por UV<\/span><\/li>\n<li style=\"font-weight: 400;\" aria-level=\"1\"><span style=\"font-weight: 400;\">Admite mascotas<\/span><\/li>\n<li style=\"font-weight: 400;\" aria-level=\"1\"><span style=\"font-weight: 400;\">Dimensi\u00f3n multicapa<\/span><\/li>\n<li style=\"font-weight: 400;\" aria-level=\"1\"><span style=\"font-weight: 400;\">Cepillado de grano abierto<\/span><\/li>\n<li style=\"font-weight: 400;\" aria-level=\"1\"><span style=\"font-weight: 400;\">Integridad estructural de por vida<\/span><\/li>\n<li style=\"font-weight: 400;\" aria-level=\"1\"><span style=\"font-weight: 400;\">Liso\/cepillado<\/span><\/li>\n<li style=\"font-weight: 400;\" aria-level=\"1\"><span style=\"font-weight: 400;\">Grado de car\u00e1cter \/ Alta variaci\u00f3n de color<\/span><\/li>\n<\/ul>\n<a href='https:\/\/brianmelflooring.com\/es\/contact-us\/' class='small-button smallred' target=\"_blank\">M\u00e1s info<\/a>","protected":false},"featured_media":9487,"template":"","meta":{"_et_pb_use_builder":"off","_et_pb_old_content":"","_et_gb_content_width":"","_joinchat":[]},"product_cat":[71],"product_tag":[],"class_list":{"0":"post-9307","1":"product","2":"type-product","3":"status-publish","4":"has-post-thumbnail","6":"product_cat-hardwood","8":"first","9":"instock","10":"shipping-taxable","11":"product-type-simple"},"_links":{"self":[{"href":"https:\/\/brianmelflooring.com\/es\/wp-json\/wp\/v2\/product\/9307","targetHints":{"allow":["GET"]}}],"collection":[{"href":"https:\/\/brianmelflooring.com\/es\/wp-json\/wp\/v2\/product"}],"about":[{"href":"https:\/\/brianmelflooring.com\/es\/wp-json\/wp\/v2\/types\/product"}],"wp:featuredmedia":[{"embeddable":true,"href":"https:\/\/brianmelflooring.com\/es\/wp-json\/wp\/v2\/media\/9487"}],"wp:attachment":[{"href":"https:\/\/brianmelflooring.com\/es\/wp-json\/wp\/v2\/media?parent=9307"}],"wp:term":[{"taxonomy":"product_cat","embeddable":true,"href":"https:\/\/brianmelflooring.com\/es\/wp-json\/wp\/v2\/product_cat?post=9307"},{"taxonomy":"product_tag","embeddable":true,"href":"https:\/\/brianmelflooring.com\/es\/wp-json\/wp\/v2\/product_tag?post=9307"}],"curies":[{"name":"wp","href":"https:\/\/api.w.org\/{rel}","templated":true}]}}