{"id":9065,"date":"2023-07-11T11:26:58","date_gmt":"2023-07-11T14:26:58","guid":{"rendered":"https:\/\/www.grupoeclipse.net\/demo\/brianmel\/?post_type=product&#038;p=9065"},"modified":"2024-12-03T14:16:13","modified_gmt":"2024-12-03T17:16:13","slug":"european-collection","status":"publish","type":"product","link":"https:\/\/brianmelflooring.com\/es\/producto\/european-collection\/","title":{"rendered":"European Collection"},"content":{"rendered":"","protected":false},"excerpt":{"rendered":"<h5>DETALLES DEL PRODUCTO:<\/h5>\n<p>Con numerosas ventajas, los suelos de vinilo son una opci\u00f3n vers\u00e1til y rentable. Transforme sus estancias con nuestros suelos de vinilo impermeables para ba\u00f1os y cocinas, o a\u00f1ada elegancia a su sal\u00f3n con suelos de vinilo con aspecto de madera.<\/p>\n<ul>\n<li style=\"font-weight: 400;\" aria-level=\"1\"><span style=\"font-weight: 400;\">Resistente al agua\u00a0<\/span><\/li>\n<li style=\"font-weight: 400;\" aria-level=\"1\"><span style=\"font-weight: 400;\">Mayor durabilidad<\/span><\/li>\n<li style=\"font-weight: 400;\" aria-level=\"1\"><span style=\"font-weight: 400;\">S\u00faper antiara\u00f1azos<\/span><\/li>\n<li style=\"font-weight: 400;\" aria-level=\"1\"><span style=\"font-weight: 400;\">Seguro para ni\u00f1os y mascotas<\/span><\/li>\n<li style=\"font-weight: 400;\" aria-level=\"1\"><span style=\"font-weight: 400;\">Ecol\u00f3gico<\/span><\/li>\n<li style=\"font-weight: 400;\" aria-level=\"1\"><span style=\"font-weight: 400;\">Resistente a los impactos<\/span><\/li>\n<li style=\"font-weight: 400;\" aria-level=\"1\"><span style=\"font-weight: 400;\">Sistema Unilin Click<\/span><\/li>\n<\/ul>\n<a href='https:\/\/brianmelflooring.com\/wp-content\/uploads\/2024\/06\/European-Collection-Brochure.pdf' class='small-button smallred' target=\"_blank\">M\u00e1s info<\/a>","protected":false},"featured_media":9924,"template":"","meta":{"_et_pb_use_builder":"on","_et_pb_old_content":"","_et_gb_content_width":"","_joinchat":[]},"product_cat":[72,73],"product_tag":[],"class_list":{"0":"post-9065","1":"product","2":"type-product","3":"status-publish","4":"has-post-thumbnail","6":"product_cat-vinyl-sheet","7":"product_cat-brianmel-spc","9":"first","10":"instock","11":"shipping-taxable","12":"product-type-simple"},"_links":{"self":[{"href":"https:\/\/brianmelflooring.com\/es\/wp-json\/wp\/v2\/product\/9065","targetHints":{"allow":["GET"]}}],"collection":[{"href":"https:\/\/brianmelflooring.com\/es\/wp-json\/wp\/v2\/product"}],"about":[{"href":"https:\/\/brianmelflooring.com\/es\/wp-json\/wp\/v2\/types\/product"}],"wp:featuredmedia":[{"embeddable":true,"href":"https:\/\/brianmelflooring.com\/es\/wp-json\/wp\/v2\/media\/9924"}],"wp:attachment":[{"href":"https:\/\/brianmelflooring.com\/es\/wp-json\/wp\/v2\/media?parent=9065"}],"wp:term":[{"taxonomy":"product_cat","embeddable":true,"href":"https:\/\/brianmelflooring.com\/es\/wp-json\/wp\/v2\/product_cat?post=9065"},{"taxonomy":"product_tag","embeddable":true,"href":"https:\/\/brianmelflooring.com\/es\/wp-json\/wp\/v2\/product_tag?post=9065"}],"curies":[{"name":"wp","href":"https:\/\/api.w.org\/{rel}","templated":true}]}}