{"id":8934,"date":"2023-07-10T11:42:00","date_gmt":"2023-07-10T14:42:00","guid":{"rendered":"https:\/\/www.grupoeclipse.net\/demo\/brianmel\/?post_type=product&#038;p=8934"},"modified":"2023-11-13T17:08:04","modified_gmt":"2023-11-13T20:08:04","slug":"wasser-collection","status":"publish","type":"product","link":"https:\/\/brianmelflooring.com\/es\/producto\/wasser-collection\/","title":{"rendered":"Wasser Collection"},"content":{"rendered":"","protected":false},"excerpt":{"rendered":"<h5>DETALLES DEL PRODUCTO:<\/h5>\n<p>Los suelos de vinilo son una opci\u00f3n extraordinariamente duradera y f\u00e1cil de mantener, que ofrece el aspecto de las baldosas o la madera noble a un coste m\u00e1s asequible. Fabricado principalmente con pl\u00e1stico, el vinilo es impermeable y resistente, lo que lo convierte en una opci\u00f3n ideal para zonas de mucho tr\u00e1nsito como cocinas, ba\u00f1os y dormitorios.<\/p>\n<ul>\n<li style=\"font-weight: 400;\" aria-level=\"1\"><span style=\"font-weight: 400;\">Resistente al agua\u00a0<\/span><\/li>\n<li style=\"font-weight: 400;\" aria-level=\"1\"><span style=\"font-weight: 400;\">Mayor durabilidad<\/span><\/li>\n<li style=\"font-weight: 400;\" aria-level=\"1\"><span style=\"font-weight: 400;\">S\u00faper antiara\u00f1azos<\/span><\/li>\n<li style=\"font-weight: 400;\" aria-level=\"1\"><span style=\"font-weight: 400;\">Seguro para ni\u00f1os y mascotas<\/span><\/li>\n<li style=\"font-weight: 400;\" aria-level=\"1\"><span style=\"font-weight: 400;\">Ecol\u00f3gico<\/span><\/li>\n<li style=\"font-weight: 400;\" aria-level=\"1\"><span style=\"font-weight: 400;\">Resistente a los impactos<\/span><\/li>\n<li style=\"font-weight: 400;\" aria-level=\"1\"><span style=\"font-weight: 400;\">Sistema Unilin Click<\/span><\/li>\n<\/ul>\n<a href='https:\/\/brianmelflooring.com\/es\/contact-us\/' class='small-button smallred' target=\"_blank\">M\u00e1s info<\/a>","protected":false},"featured_media":9475,"template":"","meta":{"_et_pb_use_builder":"","_et_pb_old_content":"","_et_gb_content_width":"","_joinchat":[]},"product_cat":[95,72],"product_tag":[],"class_list":{"0":"post-8934","1":"product","2":"type-product","3":"status-publish","4":"has-post-thumbnail","6":"product_cat-castle-vecchio-spc","7":"product_cat-vinyl-sheet","9":"first","10":"instock","11":"shipping-taxable","12":"product-type-simple"},"_links":{"self":[{"href":"https:\/\/brianmelflooring.com\/es\/wp-json\/wp\/v2\/product\/8934","targetHints":{"allow":["GET"]}}],"collection":[{"href":"https:\/\/brianmelflooring.com\/es\/wp-json\/wp\/v2\/product"}],"about":[{"href":"https:\/\/brianmelflooring.com\/es\/wp-json\/wp\/v2\/types\/product"}],"wp:featuredmedia":[{"embeddable":true,"href":"https:\/\/brianmelflooring.com\/es\/wp-json\/wp\/v2\/media\/9475"}],"wp:attachment":[{"href":"https:\/\/brianmelflooring.com\/es\/wp-json\/wp\/v2\/media?parent=8934"}],"wp:term":[{"taxonomy":"product_cat","embeddable":true,"href":"https:\/\/brianmelflooring.com\/es\/wp-json\/wp\/v2\/product_cat?post=8934"},{"taxonomy":"product_tag","embeddable":true,"href":"https:\/\/brianmelflooring.com\/es\/wp-json\/wp\/v2\/product_tag?post=8934"}],"curies":[{"name":"wp","href":"https:\/\/api.w.org\/{rel}","templated":true}]}}