{"id":8933,"date":"2023-07-10T11:37:01","date_gmt":"2023-07-10T14:37:01","guid":{"rendered":"https:\/\/www.grupoeclipse.net\/demo\/brianmel\/?post_type=product&#038;p=8933"},"modified":"2023-11-13T17:09:43","modified_gmt":"2023-11-13T20:09:43","slug":"elegant-collection","status":"publish","type":"product","link":"https:\/\/brianmelflooring.com\/es\/producto\/elegant-collection\/","title":{"rendered":"Elegant Collection"},"content":{"rendered":"","protected":false},"excerpt":{"rendered":"<h5>DETALLES DEL PRODUCTO:<\/h5>\n<p>En Brianmel Flooring, nos enorgullecemos de ser l\u00edderes del sector en productos de suelos de vinilo. Nuestra selecci\u00f3n incluye suelos de vinilo de lujo, suelos de vinilo resistentes a los ara\u00f1azos y losas de vinilo con dibujos para satisfacer sus necesidades \u00fanicas.<\/p>\n<ul>\n<li style=\"font-weight: 400;\" aria-level=\"1\"><span style=\"font-weight: 400;\">Resistente al agua\u00a0<\/span><\/li>\n<li style=\"font-weight: 400;\" aria-level=\"1\"><span style=\"font-weight: 400;\">Mayor durabilidad<\/span><\/li>\n<li style=\"font-weight: 400;\" aria-level=\"1\"><span style=\"font-weight: 400;\">S\u00faper antiara\u00f1azos<\/span><\/li>\n<li style=\"font-weight: 400;\" aria-level=\"1\"><span style=\"font-weight: 400;\">Seguro para ni\u00f1os y mascotas<\/span><\/li>\n<li style=\"font-weight: 400;\" aria-level=\"1\"><span style=\"font-weight: 400;\">Ecol\u00f3gico<\/span><\/li>\n<li style=\"font-weight: 400;\" aria-level=\"1\"><span style=\"font-weight: 400;\">Resistente a los impactos<\/span><\/li>\n<li style=\"font-weight: 400;\" aria-level=\"1\"><span style=\"font-weight: 400;\">Sistema Unilin Click<\/span><\/li>\n<\/ul>\n<a href='https:\/\/brianmelflooring.com\/es\/contact-us\/' class='small-button smallred' target=\"_blank\">M\u00e1s info<\/a>","protected":false},"featured_media":9435,"template":"","meta":{"_et_pb_use_builder":"","_et_pb_old_content":"","_et_gb_content_width":"","_joinchat":[]},"product_cat":[95,72],"product_tag":[],"class_list":{"0":"post-8933","1":"product","2":"type-product","3":"status-publish","4":"has-post-thumbnail","6":"product_cat-castle-vecchio-spc","7":"product_cat-vinyl-sheet","9":"first","10":"instock","11":"shipping-taxable","12":"product-type-simple"},"_links":{"self":[{"href":"https:\/\/brianmelflooring.com\/es\/wp-json\/wp\/v2\/product\/8933","targetHints":{"allow":["GET"]}}],"collection":[{"href":"https:\/\/brianmelflooring.com\/es\/wp-json\/wp\/v2\/product"}],"about":[{"href":"https:\/\/brianmelflooring.com\/es\/wp-json\/wp\/v2\/types\/product"}],"wp:featuredmedia":[{"embeddable":true,"href":"https:\/\/brianmelflooring.com\/es\/wp-json\/wp\/v2\/media\/9435"}],"wp:attachment":[{"href":"https:\/\/brianmelflooring.com\/es\/wp-json\/wp\/v2\/media?parent=8933"}],"wp:term":[{"taxonomy":"product_cat","embeddable":true,"href":"https:\/\/brianmelflooring.com\/es\/wp-json\/wp\/v2\/product_cat?post=8933"},{"taxonomy":"product_tag","embeddable":true,"href":"https:\/\/brianmelflooring.com\/es\/wp-json\/wp\/v2\/product_tag?post=8933"}],"curies":[{"name":"wp","href":"https:\/\/api.w.org\/{rel}","templated":true}]}}