{"id":8807,"date":"2023-07-05T16:12:33","date_gmt":"2023-07-05T19:12:33","guid":{"rendered":"https:\/\/www.grupoeclipse.net\/demo\/brianmel\/?post_type=product&#038;p=8807"},"modified":"2023-11-13T17:13:03","modified_gmt":"2023-11-13T20:13:03","slug":"engineered-flooring","status":"publish","type":"product","link":"https:\/\/brianmelflooring.com\/es\/producto\/engineered-flooring\/","title":{"rendered":"Pisos de parquet"},"content":{"rendered":"","protected":false},"excerpt":{"rendered":"<h5>DETALLES DEL PRODUCTO:<\/h5>\n<p>Nuestros suelos de madera noble de alta calidad no s\u00f3lo infunden calidez y belleza a sus espacios vitales, sino que tambi\u00e9n a\u00f1aden un valor significativo a su propiedad. Con una amplia gama de estilos y tipos disponibles, que van desde el roble y el arce tradicionales hasta las opciones contempor\u00e1neas de madera de ingenier\u00eda.<\/p>\n<ul>\n<li style=\"font-weight: 400;\" aria-level=\"1\"><span style=\"font-weight: 400;\">Uretano de alto rendimiento curado por UV<\/span><\/li>\n<li style=\"font-weight: 400;\" aria-level=\"1\"><span style=\"font-weight: 400;\">Admite mascotas<\/span><\/li>\n<li style=\"font-weight: 400;\" aria-level=\"1\"><span style=\"font-weight: 400;\">Dimensi\u00f3n multicapa<\/span><\/li>\n<li style=\"font-weight: 400;\" aria-level=\"1\"><span style=\"font-weight: 400;\">Cepillado de grano abierto<\/span><\/li>\n<li style=\"font-weight: 400;\" aria-level=\"1\"><span style=\"font-weight: 400;\">Integridad estructural de por vida<\/span><\/li>\n<li style=\"font-weight: 400;\" aria-level=\"1\"><span style=\"font-weight: 400;\">Liso\/cepillado<\/span><\/li>\n<li style=\"font-weight: 400;\" aria-level=\"1\"><span style=\"font-weight: 400;\">Grado de car\u00e1cter \/ Alta variaci\u00f3n de color<\/span><\/li>\n<\/ul>\n<a href='https:\/\/brianmelflooring.com\/es\/contact-us\/' class='small-button smallred' target=\"_blank\">M\u00e1s info<\/a>","protected":false},"featured_media":9483,"template":"","meta":{"_et_pb_use_builder":"","_et_pb_old_content":"","_et_gb_content_width":"","_joinchat":[]},"product_cat":[71],"product_tag":[],"class_list":{"0":"post-8807","1":"product","2":"type-product","3":"status-publish","4":"has-post-thumbnail","6":"product_cat-hardwood","8":"first","9":"instock","10":"shipping-taxable","11":"product-type-simple"},"_links":{"self":[{"href":"https:\/\/brianmelflooring.com\/es\/wp-json\/wp\/v2\/product\/8807","targetHints":{"allow":["GET"]}}],"collection":[{"href":"https:\/\/brianmelflooring.com\/es\/wp-json\/wp\/v2\/product"}],"about":[{"href":"https:\/\/brianmelflooring.com\/es\/wp-json\/wp\/v2\/types\/product"}],"wp:featuredmedia":[{"embeddable":true,"href":"https:\/\/brianmelflooring.com\/es\/wp-json\/wp\/v2\/media\/9483"}],"wp:attachment":[{"href":"https:\/\/brianmelflooring.com\/es\/wp-json\/wp\/v2\/media?parent=8807"}],"wp:term":[{"taxonomy":"product_cat","embeddable":true,"href":"https:\/\/brianmelflooring.com\/es\/wp-json\/wp\/v2\/product_cat?post=8807"},{"taxonomy":"product_tag","embeddable":true,"href":"https:\/\/brianmelflooring.com\/es\/wp-json\/wp\/v2\/product_tag?post=8807"}],"curies":[{"name":"wp","href":"https:\/\/api.w.org\/{rel}","templated":true}]}}